{"id":126,"date":"2018-08-08T19:49:37","date_gmt":"2018-08-08T19:49:37","guid":{"rendered":"http:\/\/flyingpigcup.de\/?page_id=126"},"modified":"2018-08-08T19:49:37","modified_gmt":"2018-08-08T19:49:37","slug":"13-flying-pig-cup-2008","status":"publish","type":"page","link":"http:\/\/flyingpigcup.de\/?page_id=126","title":{"rendered":"13. Flying Pig Cup 2008"},"content":{"rendered":"<p align=\"left\"><strong>Damendoppel B-Klasse:<\/strong><\/p>\n<p>Patricia Michen \/ Meike Kassebaum (1. BC D\u00fcren\/TVE Bad Salzuflen)<br \/>\nChristina Ohm \/ Karina B\u00fcser (SC BW Ostenland)<br \/>\nJeanne Zimmer \/ Katharina Stork (1. SC Bad Oeynhausen)<\/p>\n<p><strong>Damendoppel C-Klasse:<\/strong><\/p>\n<p>Laura Ditsch \/ Carla Kristen (TVE Bad Salzuflen)<br \/>\nSarah D\u00f6ring \/ Nadine Schulz (SC BW Ostenland)<br \/>\nJelena Spasojevic \/ Linda M\u00fcller (1. SC Bad Oeynhausen\/SC Peckeloh)<\/p>\n<p><strong>Herrendoppel A-Klasse:<\/strong><\/p>\n<p>Christian Peucker \/ Sven Schr\u00f6er (BC Ph\u00f6nix H\u00f6velhof \/ SC BW Ostenland)<br \/>\nThomas Haupt \/ Bj\u00f6rn Offergeld (1. BC D\u00fcren)<br \/>\nThorsten Waesch \/ Volker Fr\u00f6schen (1. BC D\u00fcren)<\/p>\n<p><strong>Herrendoppel B-Klasse:<\/strong><\/p>\n<p>Jonas Neumann \/ Sascha Br\u00fcggemann (TV Barntrup)<br \/>\nErich Nagel \/ Markus Gehring (PSV Herford)<br \/>\nNils H\u00f6lzemann \/ Ruben Beetz (1. SC Bad Oeynhausen \/ SC Peckeloh)<\/p>\n<p><strong>Herrendoppel C-Klasse:<\/strong><\/p>\n<p>Garvin Schr\u00f6der \/ Mario Thiel (TV H\u00e4ver)<br \/>\nKlaus Diekmann \/ Kai Lehing (SC Peckeloh)<br \/>\nMatthias Prenzler \/ Heiko Koch (TSV Kremperheide)<\/p>\n<p><strong>Mixed A-Klasse:<\/strong><\/p>\n<p>Bj\u00f6rn Offergeld \/ Anja Oidtmann (1. BC D\u00fcren)<br \/>\nJanusch Wieschollek \/ Simone M\u00fcllejans (1. BC D\u00fcren)<br \/>\nVolker Fr\u00f6schen \/ Jenny Schmidt (1. BC D\u00fcren)<\/p>\n<p><strong>Mixed B-Klasse:<\/strong><\/p>\n<p>Erich Nagel \/ Sylke Weeke (PSV Herford)<br \/>\nJonas Neumann \/ Patricia Michen (TV Barntrup \/ 1. BC D\u00fcren)<br \/>\nRouven Arnold \/ Jeanne Zimmer (1. SC Bad Oeynhausen)<\/p>\n<p><strong>Mixed C-Klasse:<\/strong><\/p>\n<p>Michael Weeke \/ Kerstin Nagel (PSV Herford)<br \/>\nHeiko Koch \/ Tanja Krieter (TSV Kremperheide)<br \/>\nYannic Rausseck \/ Carla Kristen (TVE Bad Salzuflen)<\/p>\n<p><a href=\"http:\/\/flyingpigcup.de\/?page_id=92\">zur\u00fcck zu den Siegerlisten<\/a><\/p>\n","protected":false},"excerpt":{"rendered":"<p>Damendoppel B-Klasse: Patricia Michen \/ Meike Kassebaum (1. BC D\u00fcren\/TVE Bad Salzuflen) Christina Ohm \/ Karina B\u00fcser (SC BW Ostenland) Jeanne Zimmer \/ Katharina Stork (1. SC Bad Oeynhausen) Damendoppel C-Klasse: Laura Ditsch \/ Carla Kristen (TVE Bad Salzuflen) Sarah D\u00f6ring \/ Nadine Schulz (SC BW Ostenland) Jelena Spasojevic \/ Linda M\u00fcller (1. SC Bad &#8230;<\/p>\n","protected":false},"author":1,"featured_media":0,"parent":92,"menu_order":0,"comment_status":"closed","ping_status":"closed","template":"","meta":{"footnotes":""},"class_list":["post-126","page","type-page","status-publish","hentry"],"_links":{"self":[{"href":"http:\/\/flyingpigcup.de\/index.php?rest_route=\/wp\/v2\/pages\/126","targetHints":{"allow":["GET"]}}],"collection":[{"href":"http:\/\/flyingpigcup.de\/index.php?rest_route=\/wp\/v2\/pages"}],"about":[{"href":"http:\/\/flyingpigcup.de\/index.php?rest_route=\/wp\/v2\/types\/page"}],"author":[{"embeddable":true,"href":"http:\/\/flyingpigcup.de\/index.php?rest_route=\/wp\/v2\/users\/1"}],"replies":[{"embeddable":true,"href":"http:\/\/flyingpigcup.de\/index.php?rest_route=%2Fwp%2Fv2%2Fcomments&post=126"}],"version-history":[{"count":1,"href":"http:\/\/flyingpigcup.de\/index.php?rest_route=\/wp\/v2\/pages\/126\/revisions"}],"predecessor-version":[{"id":127,"href":"http:\/\/flyingpigcup.de\/index.php?rest_route=\/wp\/v2\/pages\/126\/revisions\/127"}],"up":[{"embeddable":true,"href":"http:\/\/flyingpigcup.de\/index.php?rest_route=\/wp\/v2\/pages\/92"}],"wp:attachment":[{"href":"http:\/\/flyingpigcup.de\/index.php?rest_route=%2Fwp%2Fv2%2Fmedia&parent=126"}],"curies":[{"name":"wp","href":"https:\/\/api.w.org\/{rel}","templated":true}]}}