{"id":54,"date":"2018-08-07T18:34:05","date_gmt":"2018-08-07T18:34:05","guid":{"rendered":"http:\/\/flyingpigcup.de\/?page_id=54"},"modified":"2018-08-07T18:34:05","modified_gmt":"2018-08-07T18:34:05","slug":"geschichte","status":"publish","type":"page","link":"https:\/\/flyingpigcup.de\/?page_id=54","title":{"rendered":"Geschichte"},"content":{"rendered":"<p>Viele haben sich bestimmt schon \u00fcberlegt: &#8222;Woher kommt der Name FLYING PIG CUP eigentlich?&#8220;<\/p>\n<p>Am Anfang war der Gedanke, ein Badmintonturnier zu veranstalten. Ein gro\u00dfes sollte es sein, vielleicht sogar ein internationales Turnier. So ein Turnier braucht nat\u00fcrlich einen Namen, etwas besonderes. Was ist typisch f\u00fcr H\u00fcllhorst, f\u00fcr Tengern? Das Windrad ? Nein, das haben andere auch. Die \u00dcberlegungen gestalteten sich als schwierig. Unsere n\u00e4chste \u00dcberlegung: Wie werden die Tengeraner genannt? Richtig, ERDFERKEL!<\/p>\n<p>Der Erdferkel-Cup &#8211; ein Name f\u00fcr unser Turnier?<\/p>\n<p>Nein, den Cup gibt es leider schon. Aber wenn wir das Schwein auf einen Federball setzen? Naja und das Turnier sollte ja international verst\u00e4ndlich sein, wie w\u00e4r es dann mit Englisch? Fliegender Schweine-Cup? Flying Pig Cup? Ja das ist es. Unser Turnier war geboren!<\/p>\n<p>Ist doch ganz einfach oder ?<\/p>\n<p>Euer Flying Pig Cup Team<\/p>\n","protected":false},"excerpt":{"rendered":"<p>Viele haben sich bestimmt schon \u00fcberlegt: &#8222;Woher kommt der Name FLYING PIG CUP eigentlich?&#8220; Am Anfang war der Gedanke, ein Badmintonturnier zu veranstalten. Ein gro\u00dfes sollte es sein, vielleicht sogar ein internationales Turnier. So ein Turnier braucht nat\u00fcrlich einen Namen, etwas besonderes. Was ist typisch f\u00fcr H\u00fcllhorst, f\u00fcr Tengern? Das Windrad ? Nein, das haben &#8230;<\/p>\n","protected":false},"author":1,"featured_media":0,"parent":0,"menu_order":0,"comment_status":"closed","ping_status":"closed","template":"","meta":{"footnotes":""},"class_list":["post-54","page","type-page","status-publish","hentry"],"_links":{"self":[{"href":"https:\/\/flyingpigcup.de\/index.php?rest_route=\/wp\/v2\/pages\/54","targetHints":{"allow":["GET"]}}],"collection":[{"href":"https:\/\/flyingpigcup.de\/index.php?rest_route=\/wp\/v2\/pages"}],"about":[{"href":"https:\/\/flyingpigcup.de\/index.php?rest_route=\/wp\/v2\/types\/page"}],"author":[{"embeddable":true,"href":"https:\/\/flyingpigcup.de\/index.php?rest_route=\/wp\/v2\/users\/1"}],"replies":[{"embeddable":true,"href":"https:\/\/flyingpigcup.de\/index.php?rest_route=%2Fwp%2Fv2%2Fcomments&post=54"}],"version-history":[{"count":1,"href":"https:\/\/flyingpigcup.de\/index.php?rest_route=\/wp\/v2\/pages\/54\/revisions"}],"predecessor-version":[{"id":55,"href":"https:\/\/flyingpigcup.de\/index.php?rest_route=\/wp\/v2\/pages\/54\/revisions\/55"}],"wp:attachment":[{"href":"https:\/\/flyingpigcup.de\/index.php?rest_route=%2Fwp%2Fv2%2Fmedia&parent=54"}],"curies":[{"name":"wp","href":"https:\/\/api.w.org\/{rel}","templated":true}]}}