{"id":57,"date":"2018-08-07T18:35:42","date_gmt":"2018-08-07T18:35:42","guid":{"rendered":"http:\/\/flyingpigcup.de\/?page_id=57"},"modified":"2018-08-07T18:35:42","modified_gmt":"2018-08-07T18:35:42","slug":"austragungsort","status":"publish","type":"page","link":"https:\/\/flyingpigcup.de\/?page_id=57","title":{"rendered":"Austragungsort"},"content":{"rendered":"<p>Das Turnier findet in der Sporthalle H\u00fcllhorst, Lienenkamp 19, 32609 H\u00fcllhorst statt. Eine Wegbeschreibung findet ihr weiter unten.<\/p>\n<p>Hier ein paar Informationen zur Sporthalle:<\/p>\n<p>In der Sporthalle der Gesamtschule H\u00fcllhorst stehen 9 Badmintonspielfelder zur Verf\u00fcgung. Die Halle ist mit einer l\u00e4ngsseitig installierten Trib\u00fcne ausger\u00fcstet, die w\u00e4hrend des Turniers den Teilnehmern zur Verf\u00fcgung steht. Vier Umkleider\u00e4ume, davon jeweils zwei R\u00e4ume f\u00fcr Damen und Herren stehen ebenfalls zur Verf\u00fcgung.<\/p>\n<p>An der Sporthalle sowie dem Schulhof der Gesamtschule H\u00fcllhorst stehen ausreichend Parkpl\u00e4tze zur Verf\u00fcgung.<\/p>\n<p><img loading=\"lazy\" decoding=\"async\" class=\"alignnone size-medium wp-image-58\" src=\"http:\/\/flyingpigcup.de\/wp-content\/uploads\/2018\/08\/sporthalle-300x158.jpg\" alt=\"\" width=\"300\" height=\"158\" srcset=\"https:\/\/flyingpigcup.de\/wp-content\/uploads\/2018\/08\/sporthalle-300x158.jpg 300w, https:\/\/flyingpigcup.de\/wp-content\/uploads\/2018\/08\/sporthalle.jpg 480w\" sizes=\"auto, (max-width: 300px) 100vw, 300px\" \/><\/p>\n<p>Zur Wegbeschreibung geht es hier lang: <a href=\"https:\/\/www.google.de\/maps\/dir\/\/52.276226,8.672987\/@52.276226,8.672987,435m\/data=!3m1!1e3!4m3!4m2!1m0!1m0?hl=de\" target=\"_blank\" rel=\"noopener\">klick<\/a><\/p>\n","protected":false},"excerpt":{"rendered":"<p>Das Turnier findet in der Sporthalle H\u00fcllhorst, Lienenkamp 19, 32609 H\u00fcllhorst statt. Eine Wegbeschreibung findet ihr weiter unten. Hier ein paar Informationen zur Sporthalle: In der Sporthalle der Gesamtschule H\u00fcllhorst stehen 9 Badmintonspielfelder zur Verf\u00fcgung. Die Halle ist mit einer l\u00e4ngsseitig installierten Trib\u00fcne ausger\u00fcstet, die w\u00e4hrend des Turniers den Teilnehmern zur Verf\u00fcgung steht. Vier Umkleider\u00e4ume, &#8230;<\/p>\n","protected":false},"author":1,"featured_media":0,"parent":0,"menu_order":0,"comment_status":"closed","ping_status":"closed","template":"","meta":{"footnotes":""},"class_list":["post-57","page","type-page","status-publish","hentry"],"_links":{"self":[{"href":"https:\/\/flyingpigcup.de\/index.php?rest_route=\/wp\/v2\/pages\/57","targetHints":{"allow":["GET"]}}],"collection":[{"href":"https:\/\/flyingpigcup.de\/index.php?rest_route=\/wp\/v2\/pages"}],"about":[{"href":"https:\/\/flyingpigcup.de\/index.php?rest_route=\/wp\/v2\/types\/page"}],"author":[{"embeddable":true,"href":"https:\/\/flyingpigcup.de\/index.php?rest_route=\/wp\/v2\/users\/1"}],"replies":[{"embeddable":true,"href":"https:\/\/flyingpigcup.de\/index.php?rest_route=%2Fwp%2Fv2%2Fcomments&post=57"}],"version-history":[{"count":1,"href":"https:\/\/flyingpigcup.de\/index.php?rest_route=\/wp\/v2\/pages\/57\/revisions"}],"predecessor-version":[{"id":59,"href":"https:\/\/flyingpigcup.de\/index.php?rest_route=\/wp\/v2\/pages\/57\/revisions\/59"}],"wp:attachment":[{"href":"https:\/\/flyingpigcup.de\/index.php?rest_route=%2Fwp%2Fv2%2Fmedia&parent=57"}],"curies":[{"name":"wp","href":"https:\/\/api.w.org\/{rel}","templated":true}]}}